{"id":3342,"date":"2019-09-10T20:15:04","date_gmt":"2019-09-10T18:15:04","guid":{"rendered":"http:\/\/temp.kannewischer.ch\/?page_id=3342"},"modified":"2021-01-18T11:54:24","modified_gmt":"2021-01-18T10:54:24","slug":"ce-que-nous-faisons","status":"publish","type":"page","link":"https:\/\/www.kannewischer.ch\/fr\/services\/ce-que-nous-faisons\/","title":{"rendered":"Ce que nous faisons"},"content":{"rendered":"\n<div class=\"wp-block-columns is-layout-flex wp-container-core-columns-is-layout-9d6595d7 wp-block-columns-is-layout-flex\">\n<div class=\"wp-block-column is-layout-flow wp-block-column-is-layout-flow\"><\/div>\n\n\n\n<div class=\"wp-block-column is-layout-flow wp-block-column-is-layout-flow\">\n<p><\/p>\n<\/div>\n\n\n\n<div class=\"wp-block-column is-layout-flow wp-block-column-is-layout-flow\"><\/div>\n<\/div>\n\n\n\n<p>Notre d\u00e9marche en mati\u00e8re de r\u00e9alisation de technique de b\u00e2timent complexe repose sur une longue exp\u00e9rience acquise depuis 1972. De la conception strat\u00e9gique \u00e0 la planification de l\u2019ex\u00e9cution et \u00e0 la conduite sp\u00e9cialis\u00e9e des travaux pour les techniques de chauffage, ventilation, climatisation, sanitaire et de bassin, notre gamme de services couvre l&rsquo;ensemble du processus du projet. Lorsque votre projet porte sur l\u2019eau de bassin, nous pouvons volontiers vous accompagner au-del\u00e0 de sa planification et \u00eatre \u00e0 vos c\u00f4t\u00e9s pour l\u2019exploitation de vos installations. Le groupe Kannewischer se concentre toujours sur les trois phases du projet: concept, planification et exploitation.<\/p>\n\n\n\n<div style=\"height:45px\" aria-hidden=\"true\" class=\"wp-block-spacer\"><\/div>\n\n\n\n<h2 class=\"wp-block-heading\"><strong>Nos comp\u00e9tences<\/strong><\/h2>\n\n\n\n<p> Nous sommes votre partenaire: nous connaissons les exigences d\u2019une technique de b\u00e2timent complexe et mettons en \u0153uvre concr\u00e8tement les id\u00e9es modernes gr\u00e2ce \u00e0 notre efficience, notre exp\u00e9rience et notre savoir-faire. Nos actions sont orient\u00e9es vers un avenir responsable, caract\u00e9ris\u00e9 par une gestion durable et respectueuse des ressources existantes. Nous garantissons \u00e0 nos clients un ratio de co\u00fbts-efficacit\u00e9 \u00e9quilibr\u00e9 et une exploitation sans incident. Nos diff\u00e9rents sites ont de nombreuses ann\u00e9es d&rsquo;exp\u00e9rience dans leur domaine de sp\u00e9cialisation respectif. Au sein du groupe Kannewischer, nous voulons partager, transmettre et diffuser ces connaissances. Ainsi, non seulement nous offrons \u00e0 nos employ\u00e9s de nouveaux d\u00e9fis mais nous sommes \u00e9galement \u00e0 la disposition de nos clients sur site, \u00e0 n\u2019importe quel endroit.<\/p>\n\n\n\n<div class=\"wp-block-columns is-layout-flex wp-container-core-columns-is-layout-9d6595d7 wp-block-columns-is-layout-flex\">\n<div class=\"wp-block-column is-layout-flow wp-block-column-is-layout-flow\">\n<figure class=\"wp-block-image size-large\"><img loading=\"lazy\" decoding=\"async\" width=\"1023\" height=\"768\" src=\"https:\/\/www.kannewischer.ch\/wp-content\/uploads\/Pool-Pontresina.png\" alt=\"\" class=\"wp-image-2420\" srcset=\"https:\/\/www.kannewischer.ch\/wp-content\/uploads\/Pool-Pontresina.png 1023w, https:\/\/www.kannewischer.ch\/wp-content\/uploads\/Pool-Pontresina-800x601.png 800w, https:\/\/www.kannewischer.ch\/wp-content\/uploads\/Pool-Pontresina-768x577.png 768w, https:\/\/www.kannewischer.ch\/wp-content\/uploads\/Pool-Pontresina-300x225.png 300w\" sizes=\"auto, (max-width: 1023px) 100vw, 1023px\" \/><\/figure>\n<\/div>\n\n\n\n<div class=\"wp-block-column is-layout-flow wp-block-column-is-layout-flow\">\n<ul class=\"is-style-list-carets-blue wp-block-list\"><li>Piscines et espaces wellness<\/li><li>Centres de soins<\/li><li>B\u00e2timents complexes<\/li><li>B\u00e2timents r\u00e9sidentiels modernes, associ\u00e9s \u00e0 une exigence \u00e9lev\u00e9e d&rsquo;efficacit\u00e9 des ressources<\/li><\/ul>\n<\/div>\n<\/div>\n\n\n\n<h2 class=\"wp-block-heading\"><strong>Nos prestations<\/strong><\/h2>\n\n\n\n<p>La qualit\u00e9 du processus du projet d\u00e9termine la qualit\u00e9 de l&rsquo;utilisation. Nos exigences de travail sont \u00e9lev\u00e9es pour que le client dispose d&rsquo;une installation avec une technique de b\u00e2timent innovante et fonctionnelle. Du premier contact avec le client jusqu&rsquo;\u00e0 la r\u00e9ception finale, nous garantissons un travail tr\u00e8s rigoureux qui satisfait les prestations promises et qui respecte les d\u00e9lais et les co\u00fbts. Nos experts en eau de bassin peuvent en outre vous accompagner au-del\u00e0 du suivi du projet et vous aider \u00e0 exploiter votre piscine.<\/p>\n\n\n\n<div class=\"wp-block-columns is-layout-flex wp-container-core-columns-is-layout-9d6595d7 wp-block-columns-is-layout-flex\">\n<div class=\"wp-block-column is-layout-flow wp-block-column-is-layout-flow\">\n<ul class=\"is-style-list-carets-blue wp-block-list\"><li>Conseil sur le projet<\/li><li>Conseil en \u00e9nergie<\/li><li>\u00c9tudes de projets<\/li><li>Planification de projets; planification des techniques de chauffage, ventilation, climatisation, des techniques sanitaires et des eaux de bassin<\/li><li>Conduite sp\u00e9cialis\u00e9e des travaux \/ Surveillance du projet<\/li><li>Gestion du projet<\/li><li>Contr\u00f4le des d\u00e9lais et des co\u00fbts<\/li><li>Conseils pour optimiser l\u2019exploitation et obtenir une efficacit\u00e9 des ressources<\/li><\/ul>\n<\/div>\n\n\n\n<div class=\"wp-block-column is-layout-flow wp-block-column-is-layout-flow\">\n<figure class=\"wp-block-image size-large\"><img loading=\"lazy\" decoding=\"async\" width=\"915\" height=\"655\" src=\"https:\/\/www.kannewischer.ch\/wp-content\/uploads\/BZ-KANNEWISCHER-BIOZENTRUM-115-e1592227468340.jpg\" alt=\"\" class=\"wp-image-1858\" srcset=\"https:\/\/www.kannewischer.ch\/wp-content\/uploads\/BZ-KANNEWISCHER-BIOZENTRUM-115-e1592227468340.jpg 915w, https:\/\/www.kannewischer.ch\/wp-content\/uploads\/BZ-KANNEWISCHER-BIOZENTRUM-115-e1592227468340-300x215.jpg 300w, https:\/\/www.kannewischer.ch\/wp-content\/uploads\/BZ-KANNEWISCHER-BIOZENTRUM-115-e1592227468340-768x550.jpg 768w\" sizes=\"auto, (max-width: 915px) 100vw, 915px\" \/><\/figure>\n<\/div>\n<\/div>\n\n\n\n<p><\/p>\n","protected":false},"excerpt":{"rendered":"<p>Notre d\u00e9marche en mati\u00e8re de r\u00e9alisation de technique de b\u00e2timent complexe repose sur une longue exp\u00e9rience acquise depuis 1972. De la conception strat\u00e9gique \u00e0 la planification de l\u2019ex\u00e9cution et \u00e0 la conduite sp\u00e9cialis\u00e9e des travaux pour les techniques de chauffage, ventilation, climatisation, sanitaire et de bassin, notre gamme de services couvre l&rsquo;ensemble du processus du <a class=\"understrap-read-more-link\" href=\"https:\/\/www.kannewischer.ch\/fr\/services\/ce-que-nous-faisons\/\">Lire la suite<\/a><\/p>\n","protected":false},"author":1341,"featured_media":1860,"parent":3369,"menu_order":0,"comment_status":"closed","ping_status":"closed","template":"page-templates\/fullwidthpage-kwg.php","meta":{"_acf_changed":false,"footnotes":""},"class_list":["post-3342","page","type-page","status-publish","has-post-thumbnail","hentry"],"acf":[],"_links":{"self":[{"href":"https:\/\/www.kannewischer.ch\/fr\/wp-json\/wp\/v2\/pages\/3342","targetHints":{"allow":["GET"]}}],"collection":[{"href":"https:\/\/www.kannewischer.ch\/fr\/wp-json\/wp\/v2\/pages"}],"about":[{"href":"https:\/\/www.kannewischer.ch\/fr\/wp-json\/wp\/v2\/types\/page"}],"author":[{"embeddable":true,"href":"https:\/\/www.kannewischer.ch\/fr\/wp-json\/wp\/v2\/users\/1341"}],"replies":[{"embeddable":true,"href":"https:\/\/www.kannewischer.ch\/fr\/wp-json\/wp\/v2\/comments?post=3342"}],"version-history":[{"count":2,"href":"https:\/\/www.kannewischer.ch\/fr\/wp-json\/wp\/v2\/pages\/3342\/revisions"}],"predecessor-version":[{"id":3568,"href":"https:\/\/www.kannewischer.ch\/fr\/wp-json\/wp\/v2\/pages\/3342\/revisions\/3568"}],"up":[{"embeddable":true,"href":"https:\/\/www.kannewischer.ch\/fr\/wp-json\/wp\/v2\/pages\/3369"}],"wp:featuredmedia":[{"embeddable":true,"href":"https:\/\/www.kannewischer.ch\/fr\/wp-json\/wp\/v2\/media\/1860"}],"wp:attachment":[{"href":"https:\/\/www.kannewischer.ch\/fr\/wp-json\/wp\/v2\/media?parent=3342"}],"curies":[{"name":"wp","href":"https:\/\/api.w.org\/{rel}","templated":true}]}}