{"id":3348,"date":"2019-09-10T20:15:53","date_gmt":"2019-09-10T18:15:53","guid":{"rendered":"http:\/\/temp.kannewischer.ch\/?page_id=3348"},"modified":"2021-03-24T13:38:11","modified_gmt":"2021-03-24T12:38:11","slug":"planification","status":"publish","type":"page","link":"https:\/\/www.kannewischer.ch\/fr\/services\/planification\/","title":{"rendered":"Planification"},"content":{"rendered":"\n<div style=\"height:20px\" aria-hidden=\"true\" class=\"wp-block-spacer\"><\/div>\n\n\n\n<div style=\"height:20px\" aria-hidden=\"true\" class=\"wp-block-spacer\"><\/div>\n\n\n\n<div class=\"wp-block-columns has-2-columns is-layout-flex wp-container-core-columns-is-layout-9d6595d7 wp-block-columns-is-layout-flex\">\n<div class=\"wp-block-column is-layout-flow wp-block-column-is-layout-flow\">\n<p class=\"pr-2\">Nous mettons en pratique pour nos clients les techniques de pointe par une qualit\u00e9 \u00e9lev\u00e9e, une \u00e9conomie des ressources et une exploitation durable et \u00e9conomique. Les solutions sur mesure garantissent une optimisation op\u00e9rationnelle qui prend en compte les exigences du ma\u00eetre de l\u2019ouvrage ainsi que celles de l&rsquo;exploitant. <\/p>\n<\/div>\n\n\n\n<div class=\"wp-block-column is-layout-flow wp-block-column-is-layout-flow\">\n<figure class=\"wp-block-image size-large is-resized\"><img loading=\"lazy\" decoding=\"async\" src=\"https:\/\/www.kannewischer.ch\/wp-content\/uploads\/Uebersicht-mit-Ventilator.png\" alt=\"\" class=\"wp-image-3787\" width=\"267\" height=\"167\"\/><\/figure>\n<\/div>\n<\/div>\n\n\n\n<div style=\"height:20px\" aria-hidden=\"true\" class=\"wp-block-spacer\"><\/div>\n\n\n\n<div class=\"wp-block-columns has-2-columns is-layout-flex wp-container-core-columns-is-layout-9d6595d7 wp-block-columns-is-layout-flex\">\n<div class=\"wp-block-column is-layout-flow wp-block-column-is-layout-flow\">\n<h4 class=\"wp-block-heading\">Nos sp\u00e9cialisations<\/h4>\n\n\n\n<ul class=\"is-style-list-carets-blue wp-block-list\"><li>Technique des bassins, y compris leur construction<\/li><li>Technique de chauffage<\/li><li>Technique solaire<\/li><li>Technique du froid<\/li><li>Technique de ventilation et de climatisation<\/li><li>Technique de mesure, de contr\u00f4le et de r\u00e9gulation (automatisation des b\u00e2timents)<\/li><li>Technique sanitaire<\/li><li>Technique m\u00e9dicale et de laboratoire<\/li><li>Technique de protection contre l&rsquo;incendie<\/li><li>Photovolta\u00efque<\/li><li>Technique des salles blanches<\/li><\/ul>\n\n\n\n<p><\/p>\n\n\n\n<div class=\"wp-block-columns is-layout-flex wp-container-core-columns-is-layout-9d6595d7 wp-block-columns-is-layout-flex\">\n<div class=\"wp-block-column is-layout-flow wp-block-column-is-layout-flow\"><\/div>\n\n\n\n<div class=\"wp-block-column is-layout-flow wp-block-column-is-layout-flow\"><\/div>\n<\/div>\n<\/div>\n\n\n\n<div class=\"wp-block-column is-layout-flow wp-block-column-is-layout-flow\">\n<h4 class=\"wp-block-heading\">Nos prestations de service<\/h4>\n\n\n\n<ul class=\"is-style-list-carets-blue wp-block-list\"><li>\u00c9tudes pr\u00e9liminaires\/ concepts de r\u00e9novation\/ analyses d\u2019\u00e9tat<\/li><li>Planification des projets<\/li><li>Approbation<\/li><li>Co\u00fbts et d\u00e9lais<\/li><li>Appel d&rsquo;offres<\/li><li>Attribution du march\u00e9<\/li><li>Planification de l\u2019ex\u00e9cution<\/li><li>Conduite sp\u00e9cialis\u00e9e des travaux<\/li><li>Contr\u00f4le des co\u00fbts et des d\u00e9lais<\/li><li>Contr\u00f4le de la qualit\u00e9<\/li><li>Mise en service<\/li><li>R\u00e9ception<\/li><li>Optimisation op\u00e9rationnelle<\/li><li>Planification g\u00e9n\u00e9rale pour la technique de b\u00e2timent<\/li><li>Avis d&rsquo;expert\/ Expertises<\/li><\/ul>\n\n\n\n<div class=\"wp-block-columns is-layout-flex wp-container-core-columns-is-layout-9d6595d7 wp-block-columns-is-layout-flex\">\n<div class=\"wp-block-column is-layout-flow wp-block-column-is-layout-flow\"><\/div>\n\n\n\n<div class=\"wp-block-column is-layout-flow wp-block-column-is-layout-flow\"><\/div>\n<\/div>\n\n\n\n<p><\/p>\n<\/div>\n<\/div>\n\n\n\n<p><\/p>\n","protected":false},"excerpt":{"rendered":"<p>Nous mettons en pratique pour nos clients les techniques de pointe par une qualit\u00e9 \u00e9lev\u00e9e, une \u00e9conomie des ressources et une exploitation durable et \u00e9conomique. Les solutions sur mesure garantissent une optimisation op\u00e9rationnelle qui prend en compte les exigences du ma\u00eetre de l\u2019ouvrage ainsi que celles de l&rsquo;exploitant. Nos sp\u00e9cialisations Technique des bassins, y compris <a class=\"understrap-read-more-link\" href=\"https:\/\/www.kannewischer.ch\/fr\/services\/planification\/\">Lire la suite<\/a><\/p>\n","protected":false},"author":1341,"featured_media":1252,"parent":3369,"menu_order":0,"comment_status":"closed","ping_status":"closed","template":"page-templates\/fullwidthpage-kwg.php","meta":{"_acf_changed":false,"footnotes":""},"class_list":["post-3348","page","type-page","status-publish","has-post-thumbnail","hentry"],"acf":[],"_links":{"self":[{"href":"https:\/\/www.kannewischer.ch\/fr\/wp-json\/wp\/v2\/pages\/3348","targetHints":{"allow":["GET"]}}],"collection":[{"href":"https:\/\/www.kannewischer.ch\/fr\/wp-json\/wp\/v2\/pages"}],"about":[{"href":"https:\/\/www.kannewischer.ch\/fr\/wp-json\/wp\/v2\/types\/page"}],"author":[{"embeddable":true,"href":"https:\/\/www.kannewischer.ch\/fr\/wp-json\/wp\/v2\/users\/1341"}],"replies":[{"embeddable":true,"href":"https:\/\/www.kannewischer.ch\/fr\/wp-json\/wp\/v2\/comments?post=3348"}],"version-history":[{"count":1,"href":"https:\/\/www.kannewischer.ch\/fr\/wp-json\/wp\/v2\/pages\/3348\/revisions"}],"predecessor-version":[{"id":3798,"href":"https:\/\/www.kannewischer.ch\/fr\/wp-json\/wp\/v2\/pages\/3348\/revisions\/3798"}],"up":[{"embeddable":true,"href":"https:\/\/www.kannewischer.ch\/fr\/wp-json\/wp\/v2\/pages\/3369"}],"wp:featuredmedia":[{"embeddable":true,"href":"https:\/\/www.kannewischer.ch\/fr\/wp-json\/wp\/v2\/media\/1252"}],"wp:attachment":[{"href":"https:\/\/www.kannewischer.ch\/fr\/wp-json\/wp\/v2\/media?parent=3348"}],"curies":[{"name":"wp","href":"https:\/\/api.w.org\/{rel}","templated":true}]}}