{"id":3351,"date":"2020-06-15T16:04:51","date_gmt":"2020-06-15T14:04:51","guid":{"rendered":"http:\/\/temp.kannewischer.ch\/?page_id=3351"},"modified":"2021-01-18T11:58:36","modified_gmt":"2021-01-18T10:58:36","slug":"betrieb","status":"publish","type":"page","link":"https:\/\/www.kannewischer.ch\/fr\/services\/betrieb\/","title":{"rendered":"Op\u00e9ration"},"content":{"rendered":"\n<div style=\"height:90px\" aria-hidden=\"true\" class=\"wp-block-spacer\"><\/div>\n\n\n\n<p>Nous pouvons vous aider \u00e0 exploiter vos projets de bassins. Nous pourrons ainsi d\u00e9montrer que le concept op\u00e9rationnel planifi\u00e9 r\u00e9pond \u00e0 toutes les attentes. La conception, la planification, la r\u00e9alisation et l&rsquo;exploitation sont les facteurs qui conduisent ensemble au succ\u00e8s op\u00e9rationnel souhait\u00e9 et assurent une s\u00e9curit\u00e9 \u00e9conomique optimale.<\/p>\n\n\n\n<div class=\"wp-block-columns is-layout-flex wp-container-core-columns-is-layout-9d6595d7 wp-block-columns-is-layout-flex\">\n<div class=\"wp-block-column is-layout-flow wp-block-column-is-layout-flow\"><\/div>\n\n\n\n<div class=\"wp-block-column is-layout-flow wp-block-column-is-layout-flow\"><\/div>\n<\/div>\n\n\n\n<div class=\"wp-block-columns is-layout-flex wp-container-core-columns-is-layout-9d6595d7 wp-block-columns-is-layout-flex\">\n<div class=\"wp-block-column is-layout-flow wp-block-column-is-layout-flow\" style=\"flex-basis:33.33%\">\n<figure class=\"wp-block-image size-large\"><a href=\"https:\/\/www.aquanatour.lu\" target=\"_blank\" rel=\"noopener noreferrer\"><img decoding=\"async\" src=\"https:\/\/www.kannewischer.ch\/wp-content\/uploads\/Logo-Aqua-NatOur-1.jpg\" alt=\"\" class=\"wp-image-1929\"\/><\/a><\/figure>\n<\/div>\n\n\n\n<div class=\"wp-block-column is-layout-flow wp-block-column-is-layout-flow\" style=\"flex-basis:66.66%\">\n<p>Le groupe Kannewischer g\u00e8re \u00e9galement l\u2019exploitation de notre centre aquatique au Luxembourg \u00abAqua Nat&rsquo;Our\u00bb. Cela r\u00e9v\u00e8le notre capacit\u00e9 \u00e0 pouvoir accompagner un projet du d\u00e9but \u00e0 la fin et m\u00eame au-del\u00e0. En g\u00e9rant nous-m\u00eames l\u2019exploitation de la piscine, nous acqu\u00e9rons chaque jour de l&rsquo;exp\u00e9rience afin d\u2019offrir aux futures installations des conseils sur une exploitation encore plus \u00e9conome en ressources et \u00e9conomique.<\/p>\n\n\n\n<p><a rel=\"noreferrer noopener\" href=\"https:\/\/www.aquanatour.lu\" target=\"_blank\">Lien vers Aqua Nat&rsquo;Our.<\/a><\/p>\n<\/div>\n<\/div>\n","protected":false},"excerpt":{"rendered":"<p>Nous pouvons vous aider \u00e0 exploiter vos projets de bassins. Nous pourrons ainsi d\u00e9montrer que le concept op\u00e9rationnel planifi\u00e9 r\u00e9pond \u00e0 toutes les attentes. La conception, la planification, la r\u00e9alisation et l&rsquo;exploitation sont les facteurs qui conduisent ensemble au succ\u00e8s op\u00e9rationnel souhait\u00e9 et assurent une s\u00e9curit\u00e9 \u00e9conomique optimale. Le groupe Kannewischer g\u00e8re \u00e9galement l\u2019exploitation de <a class=\"understrap-read-more-link\" href=\"https:\/\/www.kannewischer.ch\/fr\/services\/betrieb\/\">Lire la suite<\/a><\/p>\n","protected":false},"author":1341,"featured_media":1254,"parent":3369,"menu_order":0,"comment_status":"closed","ping_status":"closed","template":"","meta":{"_acf_changed":false,"footnotes":""},"class_list":["post-3351","page","type-page","status-publish","has-post-thumbnail","hentry"],"acf":[],"_links":{"self":[{"href":"https:\/\/www.kannewischer.ch\/fr\/wp-json\/wp\/v2\/pages\/3351","targetHints":{"allow":["GET"]}}],"collection":[{"href":"https:\/\/www.kannewischer.ch\/fr\/wp-json\/wp\/v2\/pages"}],"about":[{"href":"https:\/\/www.kannewischer.ch\/fr\/wp-json\/wp\/v2\/types\/page"}],"author":[{"embeddable":true,"href":"https:\/\/www.kannewischer.ch\/fr\/wp-json\/wp\/v2\/users\/1341"}],"replies":[{"embeddable":true,"href":"https:\/\/www.kannewischer.ch\/fr\/wp-json\/wp\/v2\/comments?post=3351"}],"version-history":[{"count":2,"href":"https:\/\/www.kannewischer.ch\/fr\/wp-json\/wp\/v2\/pages\/3351\/revisions"}],"predecessor-version":[{"id":3581,"href":"https:\/\/www.kannewischer.ch\/fr\/wp-json\/wp\/v2\/pages\/3351\/revisions\/3581"}],"up":[{"embeddable":true,"href":"https:\/\/www.kannewischer.ch\/fr\/wp-json\/wp\/v2\/pages\/3369"}],"wp:featuredmedia":[{"embeddable":true,"href":"https:\/\/www.kannewischer.ch\/fr\/wp-json\/wp\/v2\/media\/1254"}],"wp:attachment":[{"href":"https:\/\/www.kannewischer.ch\/fr\/wp-json\/wp\/v2\/media?parent=3351"}],"curies":[{"name":"wp","href":"https:\/\/api.w.org\/{rel}","templated":true}]}}