{"id":5812,"date":"2024-04-08T13:41:30","date_gmt":"2024-04-08T11:41:30","guid":{"rendered":"https:\/\/www.kannewischer.ch\/?page_id=5812"},"modified":"2025-04-23T11:00:05","modified_gmt":"2025-04-23T09:00:05","slug":"home-application","status":"publish","type":"page","link":"https:\/\/www.kannewischer.ch\/fr\/","title":{"rendered":"Home application"},"content":{"rendered":"\n<div style=\"height:56px\" aria-hidden=\"true\" class=\"wp-block-spacer\"><\/div>\n\n\n\n<div class=\"wp-block-columns is-layout-flex wp-container-core-columns-is-layout-9d6595d7 wp-block-columns-is-layout-flex\">\n<div class=\"wp-block-column is-layout-flow wp-block-column-is-layout-flow\" style=\"flex-basis:66.66%\">\n<h1 class=\"wp-block-heading has-text-align-left\" style=\"font-size:41px\"><strong>Une technique du b\u00e2timent complexe pour des projets exigeants<\/strong><\/h1>\n\n\n\n<div style=\"height:20px\" aria-hidden=\"true\" class=\"wp-block-spacer\"><\/div>\n\n\n\n<p class=\"has-text-align-left\">Nous sommes \u00e0 m\u00eame de conseiller, d\u00e9velopper, planifier et mettre en \u0153uvre une technique de b\u00e2timent complexe. De la conception strat\u00e9gique \u00e0 la planification de l&rsquo;ex\u00e9cution et \u00e0 la direction des travaux, notre gamme de services couvre l&rsquo;ensemble du processus du projet. Les d\u00e9fis techniques et les b\u00e2timents astucieux nous fascinent. Nos principaux objectifs: qualit\u00e9, efficacit\u00e9 des ressources, durabilit\u00e9 et rentabilit\u00e9. Au sein du groupe Kannewischer, nous \u00e9largissons constamment nos connaissances relatives aux b\u00e2timents sp\u00e9ciaux et r\u00e9alisons des projets sur un plan national comme international.<\/p>\n<\/div>\n\n\n\n<div class=\"wp-block-column is-layout-flow wp-block-column-is-layout-flow\" style=\"flex-basis:33.33%\">\n<figure class=\"wp-block-image aligncenter size-full puls-ani\"><a href=\"https:\/\/www.kannewischer.ch\/fr\/?page_id=5804\" target=\"_blank\" rel=\"noreferrer noopener\"><img loading=\"lazy\" decoding=\"async\" width=\"501\" height=\"501\" src=\"https:\/\/www.kannewischer.ch\/wp-content\/uploads\/bewerbung-mit-3-klicks-fr-501-RZ-02.jpg\" alt=\"\" class=\"wp-image-5833\"\/><\/a><\/figure>\n<\/div>\n<\/div>\n\n\n\n<div style=\"height:56px\" aria-hidden=\"true\" class=\"wp-block-spacer\"><\/div>\n\n\n\n<div class=\"wp-block-columns is-layout-flex wp-container-core-columns-is-layout-9d6595d7 wp-block-columns-is-layout-flex\">\n<div class=\"wp-block-column is-layout-flow wp-block-column-is-layout-flow\">\n<div class=\"wp-block-columns is-layout-flex wp-container-core-columns-is-layout-9d6595d7 wp-block-columns-is-layout-flex\">\n<div class=\"wp-block-column is-layout-flow wp-block-column-is-layout-flow\">\n<figure class=\"wp-block-image aligncenter size-large\"><img loading=\"lazy\" decoding=\"async\" width=\"512\" height=\"512\" src=\"https:\/\/www.kannewischer.ch\/wp-content\/uploads\/Piktogramm-Heizung.png\" alt=\"\" class=\"wp-image-5136\"\/><\/figure>\n\n\n\n<p class=\"has-text-align-center\" style=\"font-size:20px\"><strong>Chauffage<\/strong><\/p>\n<\/div>\n\n\n\n<div class=\"wp-block-column is-layout-flow wp-block-column-is-layout-flow\">\n<figure class=\"wp-block-image aligncenter size-large\"><img loading=\"lazy\" decoding=\"async\" width=\"291\" height=\"291\" src=\"https:\/\/www.kannewischer.ch\/wp-content\/uploads\/Piktogramm-Lueftung-.png\" alt=\"\" class=\"wp-image-5139\"\/><\/figure>\n\n\n\n<p class=\"has-text-align-center\" style=\"font-size:20px\"><strong>Ventilation<\/strong><\/p>\n<\/div>\n<\/div>\n<\/div>\n\n\n\n<div class=\"wp-block-column is-layout-flow wp-block-column-is-layout-flow\">\n<div class=\"wp-block-columns is-layout-flex wp-container-core-columns-is-layout-9d6595d7 wp-block-columns-is-layout-flex\">\n<div class=\"wp-block-column is-layout-flow wp-block-column-is-layout-flow\">\n<figure class=\"wp-block-image aligncenter size-large\"><img loading=\"lazy\" decoding=\"async\" width=\"512\" height=\"512\" src=\"https:\/\/www.kannewischer.ch\/wp-content\/uploads\/Piktogramm-Klima.png\" alt=\"\" class=\"wp-image-5142\"\/><\/figure>\n\n\n\n<p class=\"has-text-align-center\" style=\"font-size:20px\"><strong>Climat<\/strong><\/p>\n<\/div>\n\n\n\n<div class=\"wp-block-column is-layout-flow wp-block-column-is-layout-flow\">\n<figure class=\"wp-block-image aligncenter size-large\"><img loading=\"lazy\" decoding=\"async\" width=\"512\" height=\"512\" src=\"https:\/\/www.kannewischer.ch\/wp-content\/uploads\/Piktogramm-Sanitaer.png\" alt=\"\" class=\"wp-image-5145\"\/><\/figure>\n\n\n\n<p class=\"has-text-align-center\" style=\"font-size:20px\"><strong>Sanitaire<\/strong><\/p>\n<\/div>\n<\/div>\n<\/div>\n\n\n\n<div class=\"wp-block-column is-layout-flow wp-block-column-is-layout-flow\">\n<div class=\"wp-block-columns is-layout-flex wp-container-core-columns-is-layout-9d6595d7 wp-block-columns-is-layout-flex\">\n<div class=\"wp-block-column is-layout-flow wp-block-column-is-layout-flow\">\n<figure class=\"wp-block-image aligncenter size-large\"><img loading=\"lazy\" decoding=\"async\" width=\"512\" height=\"512\" src=\"https:\/\/www.kannewischer.ch\/wp-content\/uploads\/Piktogramm-Baedertechnik.png\" alt=\"\" class=\"wp-image-5148\"\/><\/figure>\n\n\n\n<p class=\"has-text-align-center\" style=\"font-size:20px\"><strong>Technologie du Bain<\/strong><\/p>\n<\/div>\n\n\n\n<div class=\"wp-block-column is-layout-flow wp-block-column-is-layout-flow\">\n<figure class=\"wp-block-image aligncenter size-large\"><img loading=\"lazy\" decoding=\"async\" width=\"211\" height=\"211\" src=\"https:\/\/www.kannewischer.ch\/wp-content\/uploads\/Studie-1.png\" alt=\"\" class=\"wp-image-5157\"\/><\/figure>\n\n\n\n<p class=\"has-text-align-center\" style=\"font-size:20px\"><strong>\u00c9tudes<\/strong><\/p>\n<\/div>\n<\/div>\n<\/div>\n<\/div>\n\n\n\n<div style=\"height:35px\" aria-hidden=\"true\" class=\"wp-block-spacer\"><\/div>\n\n\n\n<h2 class=\"wp-block-heading has-text-align-center has-lightblue-color has-text-color\" style=\"font-size:35px\">comp\u00e9tent &#8211; personnel &#8211; fiable<\/h2>\n\n\n\n<div style=\"height:100px\" aria-hidden=\"true\" class=\"wp-block-spacer\"><\/div>\n\n\n\n<h2 class=\"wp-block-heading has-text-align-center has-lightblue-color has-text-color\" style=\"font-size:35px\"><a href=\"https:\/\/www.kannewischer.ch\/fr\/a-propos-de-nous\/contact\/\" target=\"_blank\" rel=\"noreferrer noopener\"><img loading=\"lazy\" decoding=\"async\" width=\"300\" height=\"77\" class=\"wp-image-5530\" style=\"width: 300px;\" src=\"https:\/\/www.kannewischer.ch\/wp-content\/uploads\/contact.jpg\" alt=\"\" srcset=\"https:\/\/www.kannewischer.ch\/wp-content\/uploads\/contact.jpg 990w, https:\/\/www.kannewischer.ch\/wp-content\/uploads\/contact-800x204.jpg 800w, https:\/\/www.kannewischer.ch\/wp-content\/uploads\/contact-768x196.jpg 768w\" sizes=\"auto, (max-width: 300px) 100vw, 300px\" \/><\/a>   <a rel=\"noreferrer noopener\" href=\"https:\/\/www.kannewischer.group\/fr\/karriere\/\" target=\"_blank\"><img loading=\"lazy\" decoding=\"async\" width=\"300\" height=\"77\" class=\"wp-image-5553\" style=\"width: 300px;\" src=\"https:\/\/www.kannewischer.ch\/wp-content\/uploads\/Offres-demploi-1.jpg\" alt=\"\" srcset=\"https:\/\/www.kannewischer.ch\/wp-content\/uploads\/Offres-demploi-1.jpg 991w, https:\/\/www.kannewischer.ch\/wp-content\/uploads\/Offres-demploi-1-800x205.jpg 800w, https:\/\/www.kannewischer.ch\/wp-content\/uploads\/Offres-demploi-1-768x197.jpg 768w\" sizes=\"auto, (max-width: 300px) 100vw, 300px\" \/><\/a><\/h2>\n\n\n\n<div style=\"height:140px\" aria-hidden=\"true\" class=\"wp-block-spacer\"><\/div>\n\n\n\n\n\n\n\n    <div id=\"amd_cards-block_c7683556ab637b95aaeba3ae41fb35c0\" class=\"fullscreen-bg amd_cards-block_c7683556ab637b95aaeba3ae41fb35c0 amd_cards company-3-col company-justify-center\">\n        <div class=\"short-profile\">\n            <div class=\"card-deck\">\n\n                                    <div class=\"card\">\n                        <figure class=\"card-img-top\">\n                                                                                        <img loading=\"lazy\" decoding=\"async\" width=\"1800\" height=\"1350\" src=\"https:\/\/www.kannewischer.ch\/wp-content\/uploads\/22.014.PM_.frei_P0030979.png\" class=\"attachment-full size-full\" alt=\"Hallo Test\" srcset=\"https:\/\/www.kannewischer.ch\/wp-content\/uploads\/22.014.PM_.frei_P0030979.png 1800w, https:\/\/www.kannewischer.ch\/wp-content\/uploads\/22.014.PM_.frei_P0030979-800x600.png 800w, https:\/\/www.kannewischer.ch\/wp-content\/uploads\/22.014.PM_.frei_P0030979-1110x833.png 1110w, https:\/\/www.kannewischer.ch\/wp-content\/uploads\/22.014.PM_.frei_P0030979-768x576.png 768w, https:\/\/www.kannewischer.ch\/wp-content\/uploads\/22.014.PM_.frei_P0030979-1536x1152.png 1536w\" sizes=\"auto, (max-width: 1800px) 100vw, 1800px\" \/>                                                    <\/figure>\n                        <div class=\"card-title\"><h3>\n                                Kannewischer Ingenieurb\u00fcro AG                            <\/h3>\n\n                            <p class=\"has-text-color has-small-font-size\">\n                                Le site Cham ZG\n                            <\/p><\/div>\n                        <div class=\"card-body\"><p>\n                                                            <\/p>\n                            <p class=\"has-small-font-size\">Comp\u00e9tence principale <\/p>\n\n                                                            <ul class=\"list-unstyled\">\n                                                                            <li>Planification de la technique du b\u00e2timent, ax\u00e9 sur l\u2019\u00e9nergie et la technique des piscines<\/li>\n                                                                    <\/ul>\n                            \n\n                                                    <\/div>\n\n                            <div class=\"card-footer\">\n                                                                                            <\/div>\n\n\n                    <\/div>\n                                    <div class=\"card\">\n                        <figure class=\"card-img-top\">\n                                                                                        <img loading=\"lazy\" decoding=\"async\" width=\"1000\" height=\"750\" src=\"https:\/\/www.kannewischer.ch\/wp-content\/uploads\/BZ-KANNEWISCHER-BIOZENTRUM-115-1.jpg\" class=\"attachment-full size-full\" alt=\"\" srcset=\"https:\/\/www.kannewischer.ch\/wp-content\/uploads\/BZ-KANNEWISCHER-BIOZENTRUM-115-1.jpg 1000w, https:\/\/www.kannewischer.ch\/wp-content\/uploads\/BZ-KANNEWISCHER-BIOZENTRUM-115-1-800x600.jpg 800w, https:\/\/www.kannewischer.ch\/wp-content\/uploads\/BZ-KANNEWISCHER-BIOZENTRUM-115-1-768x576.jpg 768w\" sizes=\"auto, (max-width: 1000px) 100vw, 1000px\" \/>                                                    <\/figure>\n                        <div class=\"card-title\"><h3>\n                                Kannewischer Bern AG                            <\/h3>\n\n                            <p class=\"has-text-color has-small-font-size\">\n                                Le site Bern BE \n                            <\/p><\/div>\n                        <div class=\"card-body\"><p>\n                                                            <\/p>\n                            <p class=\"has-small-font-size\">Comp\u00e9tence principale <\/p>\n\n                                                            <ul class=\"list-unstyled\">\n                                                                            <li>Planification de la technique du b\u00e2timent, ax\u00e9 sur la technique sanitaire<\/li>\n                                                                    <\/ul>\n                            \n\n                                                    <\/div>\n\n                            <div class=\"card-footer\">\n                                                                                            <\/div>\n\n\n                    <\/div>\n                                    <div class=\"card\">\n                        <figure class=\"card-img-top\">\n                                                                                        <img loading=\"lazy\" decoding=\"async\" width=\"2560\" height=\"1920\" src=\"https:\/\/www.kannewischer.ch\/wp-content\/uploads\/LAR_0556_D-1.jpg\" class=\"attachment-full size-full\" alt=\"\" \/>                                                    <\/figure>\n                        <div class=\"card-title\"><h3>\n                                H. Schumacher Ing\u00e9nieurs Conseils SA                             <\/h3>\n\n                            <p class=\"has-text-color has-small-font-size\">\n                                Les sites Savigny VD | Fribourg FR | Vernier GE \n                            <\/p><\/div>\n                        <div class=\"card-body\"><p>\n                                                            <\/p>\n                            <p class=\"has-small-font-size\">Comp\u00e9tence principale <\/p>\n\n                                                            <ul class=\"list-unstyled\">\n                                                                            <li>Planification de la technique du b\u00e2timent, ax\u00e9 sur la technique sanitaire, des piscines et de l&rsquo;\u00e9nergie<\/li>\n                                                                    <\/ul>\n                            \n\n                                                    <\/div>\n\n                            <div class=\"card-footer\">\n                                                                                            <\/div>\n\n\n                    <\/div>\n                \n            <\/div>\n        <\/div>\n    <\/div>\n\n\n\n\n\n\n\n\n\n\n    <div id=\"amd_cards-block_80d1efc24eb49f51183decdb559e6d1c\" class=\"fullscreen-bg amd_cards-block_80d1efc24eb49f51183decdb559e6d1c amd_cards company-3-col company-justify-center\">\n        <div class=\"short-profile\">\n            <div class=\"card-deck\">\n\n                                    <div class=\"card\">\n                        <figure class=\"card-img-top\">\n                                                                                        <img loading=\"lazy\" decoding=\"async\" width=\"2560\" height=\"1707\" src=\"https:\/\/www.kannewischer.ch\/wp-content\/uploads\/RAAQ5913.jpg\" class=\"attachment-full size-full\" alt=\"\" \/>                                                    <\/figure>\n                        <div class=\"card-title\"><h3>\n                                Kannewischer Ostschweiz&nbsp;AG                            <\/h3>\n\n                            <p class=\"has-text-color has-small-font-size\">\n                                Le site Wattwil SG\n                            <\/p><\/div>\n                        <div class=\"card-body\"><p>\n                                                            <\/p>\n                            <p class=\"has-small-font-size\">Comp\u00e9tence principale <\/p>\n\n                                                            <ul class=\"list-unstyled\">\n                                                                            <li>Planification de la technique du b\u00e2timent, ax\u00e9 sur l\u2019\u00e9nergie et la technique des piscines<\/li>\n                                                                    <\/ul>\n                            \n\n                                                    <\/div>\n\n                            <div class=\"card-footer\">\n                                                                                            <\/div>\n\n\n                    <\/div>\n                                    <div class=\"card\">\n                        <figure class=\"card-img-top\">\n                                                                                        <img loading=\"lazy\" decoding=\"async\" width=\"1000\" height=\"668\" src=\"https:\/\/www.kannewischer.ch\/wp-content\/uploads\/BZ-KANNEWISCHER-BIOZENTRUM-055.jpg\" class=\"attachment-full size-full\" alt=\"\" srcset=\"https:\/\/www.kannewischer.ch\/wp-content\/uploads\/BZ-KANNEWISCHER-BIOZENTRUM-055.jpg 1000w, https:\/\/www.kannewischer.ch\/wp-content\/uploads\/BZ-KANNEWISCHER-BIOZENTRUM-055-800x534.jpg 800w, https:\/\/www.kannewischer.ch\/wp-content\/uploads\/BZ-KANNEWISCHER-BIOZENTRUM-055-768x513.jpg 768w\" sizes=\"auto, (max-width: 1000px) 100vw, 1000px\" \/>                                                    <\/figure>\n                        <div class=\"card-title\"><h3>\n                                Kannewischer Ing\u00e9nieurs Conseils S\u00e0rl                             <\/h3>\n\n                            <p class=\"has-text-color has-small-font-size\">\n                                Les site Vernier GE \n                            <\/p><\/div>\n                        <div class=\"card-body\"><p>\n                                                            <\/p>\n                            <p class=\"has-small-font-size\">Comp\u00e9tence principale <\/p>\n\n                                                            <ul class=\"list-unstyled\">\n                                                                            <li>Planification de la technique du b\u00e2timent, ax\u00e9 sur l\u2019\u00e9nergie et la technique des piscines<\/li>\n                                                                    <\/ul>\n                            \n\n                                                    <\/div>\n\n                            <div class=\"card-footer\">\n                                                                                            <\/div>\n\n\n                    <\/div>\n                \n            <\/div>\n        <\/div>\n    <\/div>\n\n\n\n\n\n\n<style type=\"text\/css\">\n    #amd-text-image-block_53e0aa97705e5e74f9c3791a0cd3e92a    {\n    \/* Add styles that use ACF values here *\/\n    }\n<\/style>\n\n<div id=\"amd-text-image-block_53e0aa97705e5e74f9c3791a0cd3e92a\" class=\"block-amd-text-image fullscreen-bg\">\n\n    <div class=\"short-profile row big\">\n\n        <div class=\"col-sm-8\">\n            <h2 class=jump id=\"\">&nbsp;<\/h2>\n            <p>Le groupe Kannewischer &#8211; dont le si\u00e8ge est \u00e0 Cham &#8211; est repr\u00e9sent\u00e9 par 11 sites en Europe. Le groupe emploie une \u00e9quipe de 90 employ\u00e9s environ.<\/p>\n\n        <\/div>\n\n        <div class=\"col-sm-4\">\n            <h2>&nbsp;<\/h2>\n                                    <div class=\"wp-block-image\">\n                <figure class=\"organi\">\n                <a href=\"https:\/\/www.kannewischer.ch\/wp-content\/uploads\/Organigramm-FR-2.pdf\" target=\"_blank\">\n\n\n                        <img loading=\"lazy\" decoding=\"async\" width=\"319\" height=\"85\" src=\"https:\/\/www.kannewischer.ch\/wp-content\/uploads\/download-Button-v4.png\" class=\"attachment-full size-full\" alt=\"Organigramm Kannewischer Group\" srcset=\"https:\/\/www.kannewischer.ch\/wp-content\/uploads\/download-Button-v4.png 319w, https:\/\/www.kannewischer.ch\/wp-content\/uploads\/download-Button-v4-300x80.png 300w\" sizes=\"auto, (max-width: 319px) 100vw, 319px\" \/>                        \n\n\n                <\/a>\n                <\/figure>\n            <\/div>\n\n        <\/div>\n    <\/div>\n<\/div>\n\n\n<div style=\"height:40px\" aria-hidden=\"true\" class=\"wp-block-spacer\"><\/div>\n\n\n\n<div style=\"height:40px\" aria-hidden=\"true\" class=\"wp-block-spacer\"><\/div>\n\n\n\n<h2 class=\"wp-block-heading\" id=\"referenzen\">R\u00e9f\u00e9rences<\/h2>\n\n\n\n<div style=\"height:20px\" aria-hidden=\"true\" class=\"wp-block-spacer\"><\/div>\n\n\n\n<p><strong>HK&amp;T<\/strong> &#8211; <strong>H<\/strong>asenkox Ingenieurgesellschaft mbH, <strong>H<\/strong>. Schumacher Ing\u00e9nieurs Conseils SA, <strong>K<\/strong>annewischer Schweiz und <strong>T<\/strong>BP K\u00f6ln GmbH &#8211; une \u00e9quipe avec de nombreuses ann\u00e9es d&rsquo;exp\u00e9rience et un impressionnant portefeuille de r\u00e9f\u00e9rences. <\/p>\n\n\n\n<div style=\"height:20px\" aria-hidden=\"true\" class=\"wp-block-spacer\"><\/div>\n\n\n<div class=\"news-list-large row\"><article class=\"post-summary- col-md-4\"><a href=\"https:\/\/www.kannewischer.ch\/fr\/2025\/04\/schulschwimmanlage-tannenrauch-zuerich\/\"><div class=\"card lol\"><div class=\"card-img-wrapper\"><img decoding=\"async\" class=\"card-img-topxxx\" src=\"https:\/\/www.kannewischer.ch\/wp-content\/uploads\/235-IMG_6990-716x492.jpeg\"><\/div><div class=\"card-body entry-header\"><div class=\"card-title  entry-title\">Etablissement scolaire Tannenrauch, Zurich<\/div><div class=\"card-text  entry-content\">Kannewischer | 2020-2022 | <span class=\"understrap-read-more-link\">au projet<\/span>\n<\/div><\/div><\/div><\/a><\/article><article class=\"post-summary- col-md-4\"><a href=\"https:\/\/www.kannewischer.ch\/fr\/2024\/06\/schulschwimmanlage-buhn-zuerich\/\"><div class=\"card lol\"><div class=\"card-img-wrapper\"><img decoding=\"async\" class=\"card-img-topxxx\" src=\"https:\/\/www.kannewischer.ch\/wp-content\/uploads\/IMG_3128-716x492.jpg\"><\/div><div class=\"card-body entry-header\"><div class=\"card-title  entry-title\">Etablissement scolaire Buhn, Zurich<\/div><div class=\"card-text  entry-content\">Kannewischer | 2019-2022 | <span class=\"understrap-read-more-link\">au projet<\/span>\n<\/div><\/div><\/div><\/a><\/article><article class=\"post-summary- col-md-4\"><a href=\"https:\/\/www.kannewischer.ch\/fr\/2024\/02\/hallenbad-appenzell\/\"><div class=\"card lol\"><div class=\"card-img-wrapper\"><img decoding=\"async\" class=\"card-img-topxxx\" src=\"https:\/\/www.kannewischer.ch\/wp-content\/uploads\/Foto-mit-Name-Fotograf-716x492.png\"><\/div><div class=\"card-body entry-header\"><div class=\"card-title  entry-title\">Piscine couverte, Appenzell<\/div><div class=\"card-text  entry-content\">Kannewischer | 2019-2022 | <span class=\"understrap-read-more-link\">au projet<\/span>\n<\/div><\/div><\/div><\/a><\/article><article class=\"post-summary- col-md-4\"><a href=\"https:\/\/www.kannewischer.ch\/fr\/2022\/02\/gartenhof-littau-luzern\/\"><div class=\"card lol\"><div class=\"card-img-wrapper\"><img decoding=\"async\" class=\"card-img-topxxx\" src=\"https:\/\/www.kannewischer.ch\/wp-content\/uploads\/IMG_5276-1-716x492.jpeg\"><\/div><div class=\"card-body entry-header\"><div class=\"card-title  entry-title\">Gartenhof Littau, Lucerne<\/div><div class=\"card-text  entry-content\">Kannewischer | 2018-2021 | <span class=\"understrap-read-more-link\">au projet<\/span>\n<\/div><\/div><\/div><\/a><\/article><article class=\"post-summary- col-md-4\"><a href=\"https:\/\/www.kannewischer.ch\/fr\/2022\/02\/lintharena-ag-naefels\/\"><div class=\"card lol\"><div class=\"card-img-wrapper\"><img decoding=\"async\" class=\"card-img-topxxx\" src=\"https:\/\/www.kannewischer.ch\/wp-content\/uploads\/LAR_0581_D-716x492.jpg\"><\/div><div class=\"card-body entry-header\"><div class=\"card-title  entry-title\">Lintharena AG, N\u00e4fels<\/div><div class=\"card-text  entry-content\">Kannewischer | 2017-2021 | <span class=\"understrap-read-more-link\">au projet<\/span>\n<\/div><\/div><\/div><\/a><\/article><article class=\"post-summary- col-md-4\"><a href=\"https:\/\/www.kannewischer.ch\/fr\/2022\/02\/suurstoffi-west-risch-rotkreuz\/\"><div class=\"card lol\"><div class=\"card-img-wrapper\"><img decoding=\"async\" class=\"card-img-topxxx\" src=\"https:\/\/www.kannewischer.ch\/wp-content\/uploads\/hslucampuszugrotkreuzwendeltreppe-1-716x492.jpg\"><\/div><div class=\"card-body entry-header\"><div class=\"card-title  entry-title\">Suurstoffi West, Risch-Rotkreuz<\/div><div class=\"card-text  entry-content\">Kannewischer | 2017-2020 | <span class=\"understrap-read-more-link\">au projet<\/span>\n<\/div><\/div><\/div><\/a><\/article><\/div>\n\n\n\n<div style=\"height:20px\" aria-hidden=\"true\" class=\"wp-block-spacer\"><\/div>\n\n\n\n<p class=\"has-text-align-center link-special\">Vous trouverez d&rsquo;autres r\u00e9f\u00e9rences <a href=\"https:\/\/www.kannewischer.ch\/fr\/references-3\/\">ici<\/a>. <\/p>\n","protected":false},"excerpt":{"rendered":"<p>Une technique du b\u00e2timent complexe pour des projets exigeants Nous sommes \u00e0 m\u00eame de conseiller, d\u00e9velopper, planifier et mettre en \u0153uvre une technique de b\u00e2timent complexe. De la conception strat\u00e9gique \u00e0 la planification de l&rsquo;ex\u00e9cution et \u00e0 la direction des travaux, notre gamme de services couvre l&rsquo;ensemble du processus du projet. Les d\u00e9fis techniques et <span class=\"understrap-read-more-link\">au projet<\/span><\/p>\n","protected":false},"author":1334,"featured_media":3905,"parent":0,"menu_order":0,"comment_status":"closed","ping_status":"closed","template":"page-templates\/startseite-o-slider.php","meta":{"_acf_changed":false,"footnotes":""},"class_list":["post-5812","page","type-page","status-publish","has-post-thumbnail","hentry"],"acf":[],"_links":{"self":[{"href":"https:\/\/www.kannewischer.ch\/fr\/wp-json\/wp\/v2\/pages\/5812","targetHints":{"allow":["GET"]}}],"collection":[{"href":"https:\/\/www.kannewischer.ch\/fr\/wp-json\/wp\/v2\/pages"}],"about":[{"href":"https:\/\/www.kannewischer.ch\/fr\/wp-json\/wp\/v2\/types\/page"}],"author":[{"embeddable":true,"href":"https:\/\/www.kannewischer.ch\/fr\/wp-json\/wp\/v2\/users\/1334"}],"replies":[{"embeddable":true,"href":"https:\/\/www.kannewischer.ch\/fr\/wp-json\/wp\/v2\/comments?post=5812"}],"version-history":[{"count":2,"href":"https:\/\/www.kannewischer.ch\/fr\/wp-json\/wp\/v2\/pages\/5812\/revisions"}],"predecessor-version":[{"id":6206,"href":"https:\/\/www.kannewischer.ch\/fr\/wp-json\/wp\/v2\/pages\/5812\/revisions\/6206"}],"wp:featuredmedia":[{"embeddable":true,"href":"https:\/\/www.kannewischer.ch\/fr\/wp-json\/wp\/v2\/media\/3905"}],"wp:attachment":[{"href":"https:\/\/www.kannewischer.ch\/fr\/wp-json\/wp\/v2\/media?parent=5812"}],"curies":[{"name":"wp","href":"https:\/\/api.w.org\/{rel}","templated":true}]}}